{"id":239,"date":"2025-06-23T14:27:28","date_gmt":"2025-06-23T14:27:28","guid":{"rendered":"https:\/\/brownbox.com.hr\/?page_id=239"},"modified":"2025-07-14T10:54:00","modified_gmt":"2025-07-14T10:54:00","slug":"brownbox-cuboid","status":"publish","type":"page","link":"https:\/\/brownbox.com.hr\/?page_id=239","title":{"rendered":"Program prikupljanja i recikliranja brownbox Cuboid"},"content":{"rendered":"<p>[et_pb_section fb_built=&#8221;1&#8243; _builder_version=&#8221;4.27.4&#8243; _module_preset=&#8221;default&#8221; global_colors_info=&#8221;{}&#8221;][et_pb_row column_structure=&#8221;1_2,1_2&#8243; _builder_version=&#8221;4.27.4&#8243; _module_preset=&#8221;default&#8221; global_colors_info=&#8221;{}&#8221;][et_pb_column type=&#8221;1_2&#8243; _builder_version=&#8221;4.27.4&#8243; _module_preset=&#8221;default&#8221; global_colors_info=&#8221;{}&#8221;][et_pb_heading title=&#8221;Recikliranje potro\u0161nog materija za pisa\u010de&#8221; _builder_version=&#8221;4.27.4&#8243; _module_preset=&#8221;default&#8221; global_colors_info=&#8221;{}&#8221;][\/et_pb_heading][et_pb_heading title=&#8221;Program prikupljanja i recikliranja brownbox Cuboid&#8221; _builder_version=&#8221;4.27.4&#8243; _module_preset=&#8221;default&#8221; global_colors_info=&#8221;{}&#8221;][\/et_pb_heading][et_pb_heading title=&#8221;Kru\u017ena ekonomija brownbox&#8221; _builder_version=&#8221;4.27.4&#8243; _module_preset=&#8221;default&#8221; global_colors_info=&#8221;{}&#8221;][\/et_pb_heading][et_pb_text _builder_version=&#8221;4.27.4&#8243; _module_preset=&#8221;default&#8221; text_font_size=&#8221;17px&#8221; global_colors_info=&#8221;{}&#8221;]<\/p>\n<p>Cilj programa brownbox Cuboid je osigurati da svaki potro\u0161eni tonerski ili tintni ulo\u017eak bude pravilno obra\u0111en, ponovno upotrijebljen ili recikliran, \u0161to kao rezultat daje manje otpada.<\/p>\n<p>[\/et_pb_text][\/et_pb_column][et_pb_column type=&#8221;1_2&#8243; _builder_version=&#8221;4.27.4&#8243; _module_preset=&#8221;default&#8221; global_colors_info=&#8221;{}&#8221;][et_pb_image src=&#8221;https:\/\/brownbox.com.hr\/wp-content\/uploads\/2025\/06\/Kruzna-ekonomija-brownbox.png&#8221; title_text=&#8221;Kru\u017ena ekonomija brownbox&#8221; _builder_version=&#8221;4.27.4&#8243; _module_preset=&#8221;default&#8221; global_colors_info=&#8221;{}&#8221;][\/et_pb_image][\/et_pb_column][\/et_pb_row][et_pb_row column_structure=&#8221;3_4,1_4&#8243; _builder_version=&#8221;4.27.4&#8243; _module_preset=&#8221;default&#8221; global_colors_info=&#8221;{}&#8221;][et_pb_column type=&#8221;3_4&#8243; _builder_version=&#8221;4.27.4&#8243; _module_preset=&#8221;default&#8221; global_colors_info=&#8221;{}&#8221;][et_pb_heading title=&#8221;Prikupljanje potro\u0161enih tonerskih ili tintnih ulo\u017eaka brownbox &#8221; _builder_version=&#8221;4.27.4&#8243; _module_preset=&#8221;default&#8221; global_colors_info=&#8221;{}&#8221;][\/et_pb_heading][et_pb_text _builder_version=&#8221;4.27.4&#8243; _module_preset=&#8221;default&#8221; text_font_size=&#8221;16px&#8221; global_colors_info=&#8221;{}&#8221;]<\/p>\n<p>Uredski ure\u0111aji svjetskih proizvo\u0111a\u010da dizajnirani su i izra\u0111eni su za dugi vijek trajanja te imaju dizajn koji se mo\u017ee reciklirati, \u0161to je uvjet stroge ekolo\u0161ke oznake &#8220;Plavi an\u0111eo (Blue Angel). Kako bi brownbox proizvodi bili dostupni kroz \u017eivotni vijek uredskih ure\u0111aja, od rujna 2023. godine provodi program brownbox Cuboid, prikupljanje i recikliranje potro\u0161enih tonerskih ili tintnih ulo\u017eaka, a sve u skladu sa Direktivom EU . Program brownbox Cuboid Vam omogu\u0107ava postavljanje kutija za prikup ve\u0107ih koli\u010dina ili povrat kurirskom slu\u017ebom manjih koli\u010dina potro\u0161enih tonerskih ili tintnih ulo\u017eaka.<\/p>\n<p>[\/et_pb_text][\/et_pb_column][et_pb_column type=&#8221;1_4&#8243; _builder_version=&#8221;4.27.4&#8243; _module_preset=&#8221;default&#8221; global_colors_info=&#8221;{}&#8221;][et_pb_image src=&#8221;https:\/\/brownbox.com.hr\/wp-content\/uploads\/2025\/06\/3.png&#8221; title_text=&#8221;3&#8243; _builder_version=&#8221;4.27.4&#8243; _module_preset=&#8221;default&#8221; global_colors_info=&#8221;{}&#8221;][\/et_pb_image][\/et_pb_column][\/et_pb_row][et_pb_row column_structure=&#8221;1_3,2_3&#8243; _builder_version=&#8221;4.27.4&#8243; _module_preset=&#8221;default&#8221; global_colors_info=&#8221;{}&#8221;][et_pb_column type=&#8221;1_3&#8243; _builder_version=&#8221;4.27.4&#8243; _module_preset=&#8221;default&#8221; global_colors_info=&#8221;{}&#8221;][et_pb_image src=&#8221;https:\/\/brownbox.com.hr\/wp-content\/uploads\/2025\/06\/2.png&#8221; title_text=&#8221;2&#8243; _builder_version=&#8221;4.27.4&#8243; _module_preset=&#8221;default&#8221; global_colors_info=&#8221;{}&#8221;][\/et_pb_image][\/et_pb_column][et_pb_column type=&#8221;2_3&#8243; _builder_version=&#8221;4.27.4&#8243; _module_preset=&#8221;default&#8221; global_colors_info=&#8221;{}&#8221;][et_pb_heading title=&#8221;Dostupnost programa brownbox Cuboid&#8221; _builder_version=&#8221;4.27.4&#8243; _module_preset=&#8221;default&#8221; global_colors_info=&#8221;{}&#8221;][\/et_pb_heading][et_pb_text _builder_version=&#8221;4.27.4&#8243; _module_preset=&#8221;default&#8221; text_font_size=&#8221;16px&#8221; global_colors_info=&#8221;{}&#8221;]<\/p>\n<p>Program prikupljanja i recikliranja potro\u0161enih tonerskih ili tintnih ulo\u017eaka isklu\u010divo je dostupan kupcima ili partnerima brownbox proizvoda. Kroz program brownbox Cuboid je mogu\u0107e vratiti isklu\u010divo istro\u0161ene izvorne i nepromijenjene brownbox proizvode (tonere, tinte, tube, bubnjeve ili sl.)<\/p>\n<p>Potro\u0161ene ulo\u0161ke drugih proizvo\u0111a\u010da ili prera\u0111ene brownbox proizvode nije mogu\u0107e vratiti kroz navedeni program te \u0107e takve ulo\u0161ci biti vra\u0107eni po\u0161iljatelju na njegov tro\u0161ak.<\/p>\n<p>Funkcioniranje programa brownbox Cuboid mo\u017eebitno nije identi\u010dan u svim regijama, molimo za vi\u0161e informacija kontaktirajte najbli\u017eeg brownbox partnera.<\/p>\n<p>[\/et_pb_text][\/et_pb_column][\/et_pb_row][et_pb_row column_structure=&#8221;1_2,1_2&#8243; _builder_version=&#8221;4.27.4&#8243; _module_preset=&#8221;default&#8221; global_colors_info=&#8221;{}&#8221;][et_pb_column type=&#8221;1_2&#8243; _builder_version=&#8221;4.27.4&#8243; _module_preset=&#8221;default&#8221; global_colors_info=&#8221;{}&#8221;][et_pb_heading title=&#8221;Ponovna upotreba prikupljenog potro\u0161nog materijala&#8221; _builder_version=&#8221;4.27.4&#8243; _module_preset=&#8221;default&#8221; custom_padding=&#8221;50px||||false|false&#8221; global_colors_info=&#8221;{}&#8221;][\/et_pb_heading][et_pb_text _builder_version=&#8221;4.27.4&#8243; _module_preset=&#8221;default&#8221; text_font_size=&#8221;16px&#8221; global_colors_info=&#8221;{}&#8221;]<\/p>\n<p>brownbox proizvodi sadr\u017eavaju izme\u0111u 5 i 60% recikliranog materijala prikupljenog od kupaca. U navedenu statistiku za ulaze proizvodi poput bo\u010dice za tintu, spremnike za otpadni tonerski prah ili sl.<\/p>\n<p>[\/et_pb_text][\/et_pb_column][et_pb_column type=&#8221;1_2&#8243; _builder_version=&#8221;4.27.4&#8243; _module_preset=&#8221;default&#8221; global_colors_info=&#8221;{}&#8221;][et_pb_image src=&#8221;https:\/\/brownbox.com.hr\/wp-content\/uploads\/2025\/06\/8.png&#8221; title_text=&#8221;8&#8243; _builder_version=&#8221;4.27.4&#8243; _module_preset=&#8221;default&#8221; global_colors_info=&#8221;{}&#8221;][\/et_pb_image][\/et_pb_column][\/et_pb_row][\/et_pb_section]<\/p>\n","protected":false},"excerpt":{"rendered":"<p>Cilj programa brownbox Cuboid je osigurati da svaki potro\u0161eni tonerski ili tintni ulo\u017eak bude pravilno obra\u0111en, ponovno upotrijebljen ili recikliran, \u0161to kao rezultat daje manje otpada.Uredski ure\u0111aji svjetskih proizvo\u0111a\u010da dizajnirani su i izra\u0111eni su za dugi vijek trajanja te imaju dizajn koji se mo\u017ee reciklirati, \u0161to je uvjet stroge ekolo\u0161ke oznake &#8220;Plavi an\u0111eo (Blue Angel). [&hellip;]<\/p>\n","protected":false},"author":1,"featured_media":244,"parent":0,"menu_order":0,"comment_status":"closed","ping_status":"closed","template":"","meta":{"_et_pb_use_builder":"on","_et_pb_old_content":"","_et_gb_content_width":"","footnotes":""},"class_list":["post-239","page","type-page","status-publish","has-post-thumbnail","hentry"],"_links":{"self":[{"href":"https:\/\/brownbox.com.hr\/index.php?rest_route=\/wp\/v2\/pages\/239","targetHints":{"allow":["GET"]}}],"collection":[{"href":"https:\/\/brownbox.com.hr\/index.php?rest_route=\/wp\/v2\/pages"}],"about":[{"href":"https:\/\/brownbox.com.hr\/index.php?rest_route=\/wp\/v2\/types\/page"}],"author":[{"embeddable":true,"href":"https:\/\/brownbox.com.hr\/index.php?rest_route=\/wp\/v2\/users\/1"}],"replies":[{"embeddable":true,"href":"https:\/\/brownbox.com.hr\/index.php?rest_route=%2Fwp%2Fv2%2Fcomments&post=239"}],"version-history":[{"count":3,"href":"https:\/\/brownbox.com.hr\/index.php?rest_route=\/wp\/v2\/pages\/239\/revisions"}],"predecessor-version":[{"id":267,"href":"https:\/\/brownbox.com.hr\/index.php?rest_route=\/wp\/v2\/pages\/239\/revisions\/267"}],"wp:featuredmedia":[{"embeddable":true,"href":"https:\/\/brownbox.com.hr\/index.php?rest_route=\/wp\/v2\/media\/244"}],"wp:attachment":[{"href":"https:\/\/brownbox.com.hr\/index.php?rest_route=%2Fwp%2Fv2%2Fmedia&parent=239"}],"curies":[{"name":"wp","href":"https:\/\/api.w.org\/{rel}","templated":true}]}}